{"id":535,"date":"2019-11-20T20:28:20","date_gmt":"2019-11-20T19:28:20","guid":{"rendered":"https:\/\/www.lady-konstance.com\/bewertungen\/"},"modified":"2022-09-25T22:08:00","modified_gmt":"2022-09-25T20:08:00","slug":"reviews","status":"publish","type":"page","link":"https:\/\/www.lady-konstance.com\/en\/reviews\/","title":{"rendered":"Customer Reviews"},"content":{"rendered":"\n<p style=\"text-align:center\"><a href=\"https:\/\/www.lady-konstance.com\/en\/reviews\/write\/\" class=\"btn btn-primary btn-block btn-main\" style=\"max-width:300px;margin: 0 auto 0 auto;\">Write a review<\/a><\/p>\n\n\n<div class=\"glsr glsr-default\" id=\"glsr_a2ba532f\" data-from='block' data-shortcode='site_reviews' data-assigned_posts='365,535' data-pagination='ajax' data-rating='4'><div class=\"glsr-reviews-wrap\">\n    <div class=\"glsr-reviews\">\n        <div class=\"glsr-review\" data-type=\"local\" id=\"review-796\" data-assigned='{\"assigned_posts\":[365,535]}'>\n    <div class=\"glsr-review-title\"><h4 class=\"glsr-tag-value\">Ein Traum, sehr sehr empfehlenswert<\/h4><\/div>\n    <div class=\"glsr-review-rating\"><div class=\"glsr-star-rating glsr-stars\" data-rating=\"5.0\" data-reviews=\"0\">\n    <span class=\"screen-reader-text\">Rated 5.0 out of 5<\/span>\n    <span class=\"glsr-star glsr-star-full\" aria-hidden=\"true\"><\/span><span class=\"glsr-star glsr-star-full\" aria-hidden=\"true\"><\/span><span class=\"glsr-star glsr-star-full\" aria-hidden=\"true\"><\/span><span class=\"glsr-star glsr-star-full\" aria-hidden=\"true\"><\/span><span class=\"glsr-star glsr-star-full\" aria-hidden=\"true\"><\/span>\n<\/div><\/div> <div class=\"glsr-review-date\"><span class=\"glsr-tag-value\">4. April 2024<\/span><\/div>\n    \n    <div class=\"glsr-review-content\"><div class=\"glsr-tag-value\" data-expanded='false'><p class=\"glsr-hidden-text\" data-show-less='Show less' data-show-more='Show more' data-trigger='expand'>Lady Konstance ist der Wahnsinn.. mein erster Besuch bei einer Domina und meine Erwartungen wurden zu 100% erf\u00fcllt, es war einfach unglaublich toll! Als Anf\u00e4nger war ich schon beim Vorgespr\u00e4ch (einige Tage vor der Session) ziemlich nerv\u00f6s, doch Lady Konstance konnte mich mit ihrer sympathischen, freundlichen und lockeren Art sehr rasch beruhigen, wodurch ich meine<span class=\"glsr-hidden\"> Fantasien, Vorlieben und Tabus unkompliziert schildern konnte. Terminvereinbarung und Treffpunkt sehr einfach.. diskret, flott und verl\u00e4sslich. Meine erste Session war ein Wahnsinn.. nach einem kurzen Vorgespr\u00e4ch hat Lady Konstance mich unfassbar gut und sehr hart an meine Grenzen gebracht und hat trotzdem aufmerksam darauf geachtet, ob es mir gut dabei geht (bin ja doch Anf\u00e4nger und kann mich normalerweise schlecht \u201cfallen lassen\u201d). Als Sklave muss man nat\u00fcrlich gehorchen und genau das habe ich so dringend gebraucht. Das Setting war \u00fcbrigens eine Sissy-Session.. das muss ich unbedingt wieder erleben, die \u201cWiederholungsgefahr\u201d ist sehr hoch \ud83d\ude09 Meine sonstigen Vorstellungen und W\u00fcnsche wurden alle erf\u00fcllt oder sogar \u00fcbererf\u00fcllt. Besonders wichtig war mir auch, dass es keine Spuren geben darf, das hat auch geklappt. Nach der Session gab es noch ein angenehmes und gem\u00fctliches Nachgespr\u00e4ch, perfekt. \u00dcbrigens ist Lady Konstance einfach unglaublich attraktiv.. ihr Aussehen und ihre Ausstrahlung sind umwerfend!!! Wer brav gehorcht, darf ihr \u00fcbrigens auch recht nahe kommen \ud83d\ude09 DANKE nochmal Lady Konstance!! An alle Anf\u00e4nger.. traut euch, ihr werdet es definitiv nicht bereuen!<\/span><\/p><\/div><\/div>\n     <div class=\"glsr-review-author\"><span class=\"glsr-tag-value\">Peter<\/span><\/div> \n    \n<\/div>\n<div class=\"glsr-review\" data-type=\"local\" id=\"review-795\" data-assigned='{\"assigned_posts\":[365,535]}'>\n    <div class=\"glsr-review-title\"><h4 class=\"glsr-tag-value\">Sch\u00f6ner als ertr\u00e4umt<\/h4><\/div>\n    <div class=\"glsr-review-rating\"><div class=\"glsr-star-rating glsr-stars\" data-rating=\"5.0\" data-reviews=\"0\">\n    <span class=\"screen-reader-text\">Rated 5.0 out of 5<\/span>\n    <span class=\"glsr-star glsr-star-full\" aria-hidden=\"true\"><\/span><span class=\"glsr-star glsr-star-full\" aria-hidden=\"true\"><\/span><span class=\"glsr-star glsr-star-full\" aria-hidden=\"true\"><\/span><span class=\"glsr-star glsr-star-full\" aria-hidden=\"true\"><\/span><span class=\"glsr-star glsr-star-full\" aria-hidden=\"true\"><\/span>\n<\/div><\/div> <div class=\"glsr-review-date\"><span class=\"glsr-tag-value\">4. April 2024<\/span><\/div>\n    \n    <div class=\"glsr-review-content\"><div class=\"glsr-tag-value\" data-expanded='false'><p>Nach einigen Tagen, in denen ich meine Gedanken ordnen konnte, schreibe ich nun meine Erfahrungen nieder: Angetrieben durch die Vielzahl an positiven Bewertungen wollte ich schon l\u00e4ngere Zeit meine erste Domina-Session gemeinsam mit Lady Konstance erleben.<\/p>\n<p class=\"glsr-hidden-text\" data-show-less='Show less' data-show-more='Show more' data-trigger='expand'>Angefangen von der unkomplizierten Terminvereinbarung, einem netten Vorgespr\u00e4ch \u2013 in dem es Lady Konstance gelungen ist, meine sehr starke Au<span class=\"glsr-hidden\">fregung zu lindern \u2013 bis hin zum H\u00f6hepunkt, der Session gemeinsam mit ihr, gibt es nichts, dass ich nicht mit 5 Sternen bewerten w\u00fcrde. Ich nannte ihr lediglich ein paar Eckpunkte, wie ich mir eine Session vorstellen w\u00fcrde und \u00fcberlie\u00df es ihrer Kreativit\u00e4t, dies im Detail umzusetzen. Wie sich herausstellte, war dies absolut richtig. W\u00e4hrend der einst\u00fcndigen Kennenlern-Session gew\u00e4hrte sie mir einen ersten Einblick, was mit ihr erlebt werden kann. Dabei gelang es ihr, jede Praktik im genau richtigen Ausma\u00df anzuwenden, damit ich einerseits die verursachten Schmerzen lange genug auskosten konnte, jedoch andererseits nicht zu lange, dass ich mich hieran gew\u00f6hnen w\u00fcrde die Praktik den Effekt verliert oder es zu unangenehm wird.<\/span><\/p>\n<p class=\"glsr-hidden\">Da ich im Nachgespr\u00e4ch die Frage, was mir gefallen hat, \u00fcberw\u00e4ltigt vom Erlebten lediglich mit einem wenig aussagenden \u201cAlles\u201d geantwortet hatte, wollte ich die letzten Tage nach Dingen suchen, die ich anders erleben wollte, um durch konstruktives Feedback an einer Verbesserung Ihres Services mitzuwirken. So sehr ich mich auch bem\u00fcht habe, Verbesserungspotential zu identifizieren, gelang mir dies nicht. Somit bereue ich lediglich, nicht schon viel fr\u00fcher den Schritt gewagt zu haben, eine Session mit Lady Konstance anzufragen und hoffe, auch in Zukunft noch viele gemeinsame Stunden mit ihr erleben zu d\u00fcrfen.<\/p><\/div><\/div>\n     <div class=\"glsr-review-author\"><span class=\"glsr-tag-value\">Rene<\/span><\/div> \n    \n<\/div>\n<div class=\"glsr-review\" data-type=\"local\" id=\"review-791\" data-assigned='{\"assigned_posts\":[365,535]}'>\n    <div class=\"glsr-review-title\"><h4 class=\"glsr-tag-value\">Wundervolle Herrin<\/h4><\/div>\n    <div class=\"glsr-review-rating\"><div class=\"glsr-star-rating glsr-stars\" data-rating=\"5.0\" data-reviews=\"0\">\n    <span class=\"screen-reader-text\">Rated 5.0 out of 5<\/span>\n    <span class=\"glsr-star glsr-star-full\" aria-hidden=\"true\"><\/span><span class=\"glsr-star glsr-star-full\" aria-hidden=\"true\"><\/span><span class=\"glsr-star glsr-star-full\" aria-hidden=\"true\"><\/span><span class=\"glsr-star glsr-star-full\" aria-hidden=\"true\"><\/span><span class=\"glsr-star glsr-star-full\" aria-hidden=\"true\"><\/span>\n<\/div><\/div> <div class=\"glsr-review-date\"><span class=\"glsr-tag-value\">4. April 2024<\/span><\/div>\n    \n    <div class=\"glsr-review-content\"><div class=\"glsr-tag-value\" data-expanded='false'><p>Lady Konstance war die erste Herrin mit der ich eine Session hatte und es hat sich definitiv gelohnt, diesen Schritt zu gehen.<\/p>\n<p>Sie hat im Vorgespr\u00e4ch ihre freundliche und herzliche Art gezeigt und hat sich sehr Zeit genommen mich kennenzulernen und sich mit mir auf die Session vorzubereiten.<\/p>\n<p class=\"glsr-hidden-text\" data-show-less='Show less' data-show-more='Show more' data-trigger='expand'>Als es dann losging merkte ich was f\u00fcr<span class=\"glsr-hidden\"> eine erfahrene und konsequente Herrin sie ist.<\/span><\/p>\n<p class=\"glsr-hidden\">Es war eine sehr abwechslungsreiche, kreative Session und es wurde auf meine W\u00fcnsche eingegangen.<\/p>\n<p class=\"glsr-hidden\">Gegen Ende der Session konnte ich mich leider nicht mehr halten und vor lauter Erregung, kam ich bereits beim anlegen des Kondoms. Lady Konstance sah das ganze mit sehr viel Humor und nutze dann einfach stattdessen meine Zunge.<\/p>\n<p class=\"glsr-hidden\">Alles in allem war es eine sehr gelungene Session und die Wiederholungsgefahr ist definitiv gegeben \ud83d\ude0a.<\/p>\n<p class=\"glsr-hidden\">Danke Lady Konstance f\u00fcr diese wundervolle Erfahrung.<\/p><\/div><\/div>\n     <div class=\"glsr-review-author\"><span class=\"glsr-tag-value\">John<\/span><\/div> \n    \n<\/div>\n<div class=\"glsr-review\" data-type=\"local\" id=\"review-651\" data-assigned='{\"assigned_posts\":[365]}'>\n    <div class=\"glsr-review-title\"><h4 class=\"glsr-tag-value\">Mein erster Besuch bei Lady Konstance war leider ein Reinfall&#8230;&#8230;<\/h4><\/div>\n    <div class=\"glsr-review-rating\"><div class=\"glsr-star-rating glsr-stars\" data-rating=\"5.0\" data-reviews=\"0\">\n    <span class=\"screen-reader-text\">Rated 5.0 out of 5<\/span>\n    <span class=\"glsr-star glsr-star-full\" aria-hidden=\"true\"><\/span><span class=\"glsr-star glsr-star-full\" aria-hidden=\"true\"><\/span><span class=\"glsr-star glsr-star-full\" aria-hidden=\"true\"><\/span><span class=\"glsr-star glsr-star-full\" aria-hidden=\"true\"><\/span><span class=\"glsr-star glsr-star-full\" aria-hidden=\"true\"><\/span>\n<\/div><\/div> <div class=\"glsr-review-date\"><span class=\"glsr-tag-value\">29. August 2022<\/span><\/div>\n    \n    <div class=\"glsr-review-content\"><div class=\"glsr-tag-value\" data-expanded='false'><p>und zwar deshalb, weil er wegen eines Fehlers in unserer Terminkommunikation gar nicht stattgefunden hat.<\/p>\n<p>Erst im zweiten Anlauf hat es dann funktioniert. Ich habe mich vorher auf Ihrer Webseite ausf\u00fchrlich informiert und nat\u00fcrlich auch die Bilder betrachtet und war schon sehr gespannt auf Lady Konstance und ich muss sagen, dass ich nicht entt\u00e4uscht wurde.<\/p>\n<p class=\"glsr-hidden-text\" data-show-less='Show less' data-show-more='Show more' data-trigger='expand'>La<span class=\"glsr-hidden\">dy Konstance ist eine ausgesprochene h\u00fcbsche und total sexy Domina.<\/span><\/p>\n<p class=\"glsr-hidden\">F\u00fcr das Vorgespr\u00e4ch haben es wir uns auf der Couch gem\u00fctlich gemacht und ausf\u00fchrlich unterhalten \u00fcber meine bisherigen Erfahrungen und meine Vorstellung, wie unsere Session gestaltet werden soll. Man merkt, dass Lady Konstance schon reichlich Erfahrung in ihrem Metier hat und mit Ihrem Einf\u00fchlungsverm\u00f6gen versteht sie es auch einem die anf\u00e4ngliche Scheu zu nehmen.<\/p>\n<p class=\"glsr-hidden\">W\u00e4hrend der Session (ca. 3 Stunden) zeigte Lady Konstance, dass sie in einem Moment erbarmungslos sein kann und alles verlangt und auch bekommt, was sie will und im n\u00e4chsten Moment versetzt sie dich in total geile Erregung, nur um dich dann gleich wieder fallen zu lassen. Zwischendurch hat sie immer ein Auge darauf, ob es bei dir bei all den Gemeinheiten, die sie sich f\u00fcr dich ausdenkt, noch gut geht.<\/p>\n<p class=\"glsr-hidden\">Nachdem ich alle ihre Gemeinheiten zu Ihrer Zufriedenheit ertragen hatte, durfte ich als Dank daf\u00fcr ihre Muschi ausgiebig liebkosen. Zu diesem Zeitpunkt h\u00e4tte ich mir gew\u00fcnscht, von meinen Fesseln befreit zu werden, doch diesen Gefallen hat mir Lady Konstance nicht getan.<\/p>\n<p class=\"glsr-hidden\">Anschlie\u00dfend wurde ich von ihr zu einem unheimlich intensiven, herrlichen Orgasmus getrieben.<\/p>\n<p class=\"glsr-hidden\">Nach einer Dusche und einer Nachbesprechung habe ich mich dann von ihr verabschiedet aber ich werde bestimmt oft von ihr tr\u00e4umen.<\/p><\/div><\/div>\n     <div class=\"glsr-review-author\"><span class=\"glsr-tag-value\">baetmen<\/span><\/div> \n    \n<\/div>\n<div class=\"glsr-review\" data-type=\"local\" id=\"review-650\" data-assigned='{\"assigned_posts\":[365]}'>\n    <div class=\"glsr-review-title\"><h4 class=\"glsr-tag-value\">Erwartungen \u00fcbertroffen<\/h4><\/div>\n    <div class=\"glsr-review-rating\"><div class=\"glsr-star-rating glsr-stars\" data-rating=\"5.0\" data-reviews=\"0\">\n    <span class=\"screen-reader-text\">Rated 5.0 out of 5<\/span>\n    <span class=\"glsr-star glsr-star-full\" aria-hidden=\"true\"><\/span><span class=\"glsr-star glsr-star-full\" aria-hidden=\"true\"><\/span><span class=\"glsr-star glsr-star-full\" aria-hidden=\"true\"><\/span><span class=\"glsr-star glsr-star-full\" aria-hidden=\"true\"><\/span><span class=\"glsr-star glsr-star-full\" aria-hidden=\"true\"><\/span>\n<\/div><\/div> <div class=\"glsr-review-date\"><span class=\"glsr-tag-value\">25. July 2022<\/span><\/div>\n    \n    <div class=\"glsr-review-content\"><div class=\"glsr-tag-value\" data-expanded='false'><p class=\"glsr-hidden-text\" data-show-less='Show less' data-show-more='Show more' data-trigger='expand'>War mein erstes Mal und wir haben vieles ausprobiert, woran ich im Vorfeld gar nicht gedacht habe. War vorher auch nerv\u00f6s und angespannt, wobei Lady Konstance mich beruhigte und Verst\u00e4ndnis zeigte. Auch zwischendurch, wenn die Nervosit\u00e4t wieder zunahm, wusste sie mich zu beruhigen. Insgesamt war Lady Konstance w\u00e4hrend der ganzen Session sehr aufmerksam und hat<span class=\"glsr-hidden\"> sofort mitgekommen, wobei ich Spa\u00df hatte und wobei nicht, alleine schon durch meine K\u00f6rpersprache. Zum Schluss dann noch eine \u201eNachbesprechung\u201c bei Kaffee. Kurz zusammengefasst: Ein Erlebnis mit einer einf\u00fchlsamen aber strengen Lady, die auf meine W\u00fcnsche perfekt und gekonnt eingegangen ist. War sicher nicht das letzte Mal.<\/span><\/p><\/div><\/div>\n     <div class=\"glsr-review-author\"><span class=\"glsr-tag-value\">M.<\/span><\/div> \n    \n<\/div>\n    <\/div>\n    <div class=\"glsr-pagination glsr-ajax-pagination\" data-assigned_posts='365,535' data-id='glsr_a2ba532f' data-pagination='ajax' data-rating='4'><div class=\"pagination\">\n    <nav class=\"navigation\" role=\"navigation\">\n        <h2 class=\"screen-reader-text\">Site Reviews navigation<\/h2>\n        <div class=\"nav-links\">\n            <span class=\"page-numbers current\" aria-current=\"page\" data-page='1'><span class=\"meta-nav screen-reader-text\">Page <\/span>1<\/span>\n<a class=\"page-numbers\" data-page='2' href=\"https:\/\/www.lady-konstance.com\/en\/reviews\/?reviews-page=2\"><span class=\"meta-nav screen-reader-text\">Page <\/span>2<\/a>\n<a class=\"page-numbers\" data-page='3' href=\"https:\/\/www.lady-konstance.com\/en\/reviews\/?reviews-page=3\"><span class=\"meta-nav screen-reader-text\">Page <\/span>3<\/a>\n<span class=\"page-numbers dots\">&hellip;<\/span>\n<a class=\"page-numbers\" data-page='7' href=\"https:\/\/www.lady-konstance.com\/en\/reviews\/?reviews-page=7\"><span class=\"meta-nav screen-reader-text\">Page <\/span>7<\/a>\n<a class=\"page-numbers next\" data-page='2' href=\"https:\/\/www.lady-konstance.com\/en\/reviews\/?reviews-page=2\">Next<\/a>\n        <\/div>\n    <\/nav>\n<\/div><\/div>\n<\/div><\/div>\n\n\n<p style=\"text-align:center\"><a href=\"https:\/\/www.lady-konstance.com\/en\/reviews\/write\/\" class=\"btn btn-primary btn-block btn-main\" style=\"max-width:300px;margin: 0 auto 0 auto;\">Write a review<\/a><\/p>\n\n\n\n<h2 style=\"text-align: center; margin-top: 65px;\">Some customers are singing for the Lady as well &#8230;<\/h2>\n<div class=\"video-wrapper\">\n\n<div class=\"video-column\">\n<img loading=\"lazy\" decoding=\"async\" class=\"vid video1\" src=\"https:\/\/www.lady-konstance.com\/wp-content\/uploads\/2022\/09\/video-cover-1.jpg\" width=\"900\" height=\"600\" alt=\"Video Thumbnail\">\n<\/div>\n\n<div class=\"video-column\">\n<img loading=\"lazy\" decoding=\"async\" class=\"vid video2\" src=\"https:\/\/www.lady-konstance.com\/wp-content\/uploads\/2022\/09\/video-cover-2.jpg\" width=\"900\" height=\"600\" alt=\"Video Thumbnail\">\n<\/div>\n\n<\/div>\n","protected":false},"excerpt":{"rendered":"<p>Write a review Write a review Some customers are singing for the Lady as well &#8230;<\/p>\n","protected":false},"author":3,"featured_media":0,"parent":0,"menu_order":40,"comment_status":"closed","ping_status":"closed","template":"","meta":{"_acf_changed":false,"_glsr_average":5,"_glsr_ranking":4.6666666666667,"_glsr_reviews":35,"footnotes":""},"acf":[],"_links":{"self":[{"href":"https:\/\/www.lady-konstance.com\/en\/wp-json\/wp\/v2\/pages\/535"}],"collection":[{"href":"https:\/\/www.lady-konstance.com\/en\/wp-json\/wp\/v2\/pages"}],"about":[{"href":"https:\/\/www.lady-konstance.com\/en\/wp-json\/wp\/v2\/types\/page"}],"author":[{"embeddable":true,"href":"https:\/\/www.lady-konstance.com\/en\/wp-json\/wp\/v2\/users\/3"}],"replies":[{"embeddable":true,"href":"https:\/\/www.lady-konstance.com\/en\/wp-json\/wp\/v2\/comments?post=535"}],"version-history":[{"count":4,"href":"https:\/\/www.lady-konstance.com\/en\/wp-json\/wp\/v2\/pages\/535\/revisions"}],"predecessor-version":[{"id":770,"href":"https:\/\/www.lady-konstance.com\/en\/wp-json\/wp\/v2\/pages\/535\/revisions\/770"}],"wp:attachment":[{"href":"https:\/\/www.lady-konstance.com\/en\/wp-json\/wp\/v2\/media?parent=535"}],"curies":[{"name":"wp","href":"https:\/\/api.w.org\/{rel}","templated":true}]}}